{"id":548,"date":"2019-03-11T12:07:50","date_gmt":"2019-03-11T12:07:50","guid":{"rendered":"https:\/\/romadyo.com\/?page_id=548"},"modified":"2025-07-23T22:09:37","modified_gmt":"2025-07-23T19:09:37","slug":"home","status":"publish","type":"page","link":"https:\/\/romadyo.com\/","title":{"rendered":"Home"},"content":{"rendered":"<style>\/*! elementor - v3.13.2 - 11-05-2023 *\/<br \/>\n.elementor-heading-title{padding:0;margin:0;line-height:1}.elementor-widget-heading .elementor-heading-title[class*=elementor-size-]>a{color:inherit;font-size:inherit;line-height:inherit}.elementor-widget-heading .elementor-heading-title.elementor-size-small{font-size:15px}.elementor-widget-heading .elementor-heading-title.elementor-size-medium{font-size:19px}.elementor-widget-heading .elementor-heading-title.elementor-size-large{font-size:29px}.elementor-widget-heading .elementor-heading-title.elementor-size-xl{font-size:39px}.elementor-widget-heading .elementor-heading-title.elementor-size-xxl{font-size:59px}<\/style>\n<h4>Romadyo Tan\u0131t\u0131m &amp; M\u00fchendislik Hizmetleri<\/h4>\n<h2 style=\"text-align: left;\">Romadyo<\/h2>\n<h2 style=\"text-align: left;\">: FOR SALE (20k$+): buy@romadyo.com<\/h2>\n<style>\/*! elementor - v3.13.2 - 11-05-2023 *\/<br \/>\n.elementor-widget-divider{--divider-border-style:none;--divider-border-width:1px;--divider-color:#0c0d0e;--divider-icon-size:20px;--divider-element-spacing:10px;--divider-pattern-height:24px;--divider-pattern-size:20px;--divider-pattern-url:none;--divider-pattern-repeat:repeat-x}.elementor-widget-divider .elementor-divider{display:flex}.elementor-widget-divider .elementor-divider__text{font-size:15px;line-height:1;max-width:95%}.elementor-widget-divider .elementor-divider__element{margin:0 var(--divider-element-spacing);flex-shrink:0}.elementor-widget-divider .elementor-icon{font-size:var(--divider-icon-size)}.elementor-widget-divider .elementor-divider-separator{display:flex;margin:0;direction:ltr}.elementor-widget-divider--view-line_icon .elementor-divider-separator,.elementor-widget-divider--view-line_text .elementor-divider-separator{align-items:center}.elementor-widget-divider--view-line_icon .elementor-divider-separator:after,.elementor-widget-divider--view-line_icon .elementor-divider-separator:before,.elementor-widget-divider--view-line_text .elementor-divider-separator:after,.elementor-widget-divider--view-line_text .elementor-divider-separator:before{display:block;content:\"\";border-bottom:0;flex-grow:1;border-top:var(--divider-border-width) var(--divider-border-style) var(--divider-color)}.elementor-widget-divider--element-align-left .elementor-divider .elementor-divider-separator>.elementor-divider__svg:first-of-type{flex-grow:0;flex-shrink:100}.elementor-widget-divider--element-align-left .elementor-divider-separator:before{content:none}.elementor-widget-divider--element-align-left .elementor-divider__element{margin-left:0}.elementor-widget-divider--element-align-right .elementor-divider .elementor-divider-separator>.elementor-divider__svg:last-of-type{flex-grow:0;flex-shrink:100}.elementor-widget-divider--element-align-right .elementor-divider-separator:after{content:none}.elementor-widget-divider--element-align-right .elementor-divider__element{margin-right:0}.elementor-widget-divider:not(.elementor-widget-divider--view-line_text):not(.elementor-widget-divider--view-line_icon) .elementor-divider-separator{border-top:var(--divider-border-width) var(--divider-border-style) var(--divider-color)}.elementor-widget-divider--separator-type-pattern{--divider-border-style:none}.elementor-widget-divider--separator-type-pattern.elementor-widget-divider--view-line .elementor-divider-separator,.elementor-widget-divider--separator-type-pattern:not(.elementor-widget-divider--view-line) .elementor-divider-separator:after,.elementor-widget-divider--separator-type-pattern:not(.elementor-widget-divider--view-line) .elementor-divider-separator:before,.elementor-widget-divider--separator-type-pattern:not([class*=elementor-widget-divider--view]) .elementor-divider-separator{width:100%;min-height:var(--divider-pattern-height);-webkit-mask-size:var(--divider-pattern-size) 100%;mask-size:var(--divider-pattern-size) 100%;-webkit-mask-repeat:var(--divider-pattern-repeat);mask-repeat:var(--divider-pattern-repeat);background-color:var(--divider-color);-webkit-mask-image:var(--divider-pattern-url);mask-image:var(--divider-pattern-url)}.elementor-widget-divider--no-spacing{--divider-pattern-size:auto}.elementor-widget-divider--bg-round{--divider-pattern-repeat:round}.rtl .elementor-widget-divider .elementor-divider__text{direction:rtl}.e-con-inner>.elementor-widget-divider,.e-con>.elementor-widget-divider{width:var(--container-widget-width,100%);--flex-grow:var(--container-widget-flex-grow)}<\/style>\n<p>Join gravida nibh vel velit auctor aliquet. Aenean sollicitudin, lorem quis bibendum auctor, nisi elit consequat ipsum, nec sagittis sem nibh id elit. Duis sed odio sit amet nibh vulputate cursus a sit amet mauris. Morbi accumsan ipsum velit. Nam nec tellus a odio tincidunt auctor. Nibh vel velit auctor aliquet. Aenean sollicitudin, lorem quis bibendum auctor, nisi elit consequat ipsum, nec sagittis sem nibh id elit.<\/p>\n<style>\/*! elementor - v3.13.2 - 11-05-2023 *\/<br \/>\n.elementor-widget-image{text-align:center}.elementor-widget-image a{display:inline-block}.elementor-widget-image a img[src$=\".svg\"]{width:48px}.elementor-widget-image img{vertical-align:middle;display:inline-block}<\/style>\n<p><img decoding=\"async\" loading=\"lazy\" src=\"http:\/\/romadyo.com\/wp-content\/uploads\/2020\/02\/window-banner-01.jpg\" sizes=\"(max-width: 410px) 100vw, 410px\" srcset=\"https:\/\/romadyo.com\/wp-content\/uploads\/2020\/02\/window-banner-01.jpg 410w, https:\/\/romadyo.com\/wp-content\/uploads\/2020\/02\/window-banner-01-189x300.jpg 189w\" alt=\"\" width=\"410\" height=\"650\" \/><\/p>\n<h2>Sleep in Absolute Peace Wake up to Bright Sunshine<\/h2>\n<p>Lorem ipsum dolor sit amet, consectetur adipiscing elit. Ut elit tellus, luctus nec ullamcorper mattis, pulvinar dapibus leo.<\/p>\n<p><a role=\"button\" href=\"#\"><br \/>\nGet Free Estimate<br \/>\n<\/a><\/p>\n<style>\/*! elementor - v3.13.2 - 11-05-2023 *\/<br \/>\n.elementor-widget-image-box .elementor-image-box-content{width:100%}@media (min-width:768px){.elementor-widget-image-box.elementor-position-left .elementor-image-box-wrapper,.elementor-widget-image-box.elementor-position-right .elementor-image-box-wrapper{display:flex}.elementor-widget-image-box.elementor-position-right .elementor-image-box-wrapper{text-align:right;flex-direction:row-reverse}.elementor-widget-image-box.elementor-position-left .elementor-image-box-wrapper{text-align:left;flex-direction:row}.elementor-widget-image-box.elementor-position-top .elementor-image-box-img{margin:auto}.elementor-widget-image-box.elementor-vertical-align-top .elementor-image-box-wrapper{align-items:flex-start}.elementor-widget-image-box.elementor-vertical-align-middle .elementor-image-box-wrapper{align-items:center}.elementor-widget-image-box.elementor-vertical-align-bottom .elementor-image-box-wrapper{align-items:flex-end}}@media (max-width:767px){.elementor-widget-image-box .elementor-image-box-img{margin-left:auto!important;margin-right:auto!important;margin-bottom:15px}}.elementor-widget-image-box .elementor-image-box-img{display:inline-block}.elementor-widget-image-box .elementor-image-box-title a{color:inherit}.elementor-widget-image-box .elementor-image-box-wrapper{text-align:center}.elementor-widget-image-box .elementor-image-box-description{margin:0}<\/style>\n<h2>Services<\/h2>\n<p>Proin gravida nibh vel velit auctor aliquet. Aenean sollicitudin, lorem quis bibendum auctor, nisi elit consequat ipsum.<\/p>\n<p><img decoding=\"async\" loading=\"lazy\" src=\"http:\/\/romadyo.com\/wp-content\/uploads\/2020\/01\/entrance-door.jpg\" sizes=\"(max-width: 380px) 100vw, 380px\" srcset=\"https:\/\/romadyo.com\/wp-content\/uploads\/2020\/01\/entrance-door.jpg 380w, https:\/\/romadyo.com\/wp-content\/uploads\/2020\/01\/entrance-door-300x201.jpg 300w\" alt=\"\" width=\"380\" height=\"254\" \/><\/p>\n<h5>Entrance Doors<\/h5>\n<p>Proin gravida nibh vel velit auctor aliquet. Aenean sollicitudin, lorem quis bibendum auctor, nisi elit consequat ipsum.<\/p>\n<p><a role=\"button\" href=\"#\"><br \/>\nRead More<br \/>\n<\/a><br \/>\n<img decoding=\"async\" loading=\"lazy\" src=\"http:\/\/romadyo.com\/wp-content\/uploads\/2020\/01\/sliding-door.jpg\" sizes=\"(max-width: 380px) 100vw, 380px\" srcset=\"https:\/\/romadyo.com\/wp-content\/uploads\/2020\/01\/sliding-door.jpg 380w, https:\/\/romadyo.com\/wp-content\/uploads\/2020\/01\/sliding-door-300x201.jpg 300w\" alt=\"\" width=\"380\" height=\"254\" \/><\/p>\n<h5>Sliding Doors<\/h5>\n<p>Proin gravida nibh vel velit auctor aliquet. Aenean sollicitudin, lorem quis bibendum auctor, nisi elit consequat ipsum.<\/p>\n<p><a role=\"button\" href=\"#\"><br \/>\nRead More<br \/>\n<\/a><br \/>\n<img decoding=\"async\" loading=\"lazy\" src=\"http:\/\/romadyo.com\/wp-content\/uploads\/2019\/03\/services-03-free-img.jpg\" sizes=\"(max-width: 380px) 100vw, 380px\" srcset=\"https:\/\/romadyo.com\/wp-content\/uploads\/2019\/03\/services-03-free-img.jpg 380w, https:\/\/romadyo.com\/wp-content\/uploads\/2019\/03\/services-03-free-img-300x200.jpg 300w\" alt=\"Services image\" width=\"380\" height=\"253\" \/><\/p>\n<h5>Garage Doors<\/h5>\n<p>Proin gravida nibh vel velit auctor aliquet. Aenean sollicitudin, lorem quis bibendum auctor, nisi elit consequat ipsum.<\/p>\n<p><a role=\"button\" href=\"#\"><br \/>\nRead More<br \/>\n<\/a><br \/>\n<img decoding=\"async\" loading=\"lazy\" src=\"http:\/\/romadyo.com\/wp-content\/uploads\/2020\/01\/repair-service.jpg\" sizes=\"(max-width: 380px) 100vw, 380px\" srcset=\"https:\/\/romadyo.com\/wp-content\/uploads\/2020\/01\/repair-service.jpg 380w, https:\/\/romadyo.com\/wp-content\/uploads\/2020\/01\/repair-service-300x201.jpg 300w\" alt=\"\" width=\"380\" height=\"254\" \/><\/p>\n<h5>Installation &amp; Repair<\/h5>\n<p>Proin gravida nibh vel velit auctor aliquet. Aenean sollicitudin, lorem quis bibendum auctor, nisi elit consequat ipsum.<\/p>\n<p><a role=\"button\" href=\"#\"><br \/>\nRead More<br \/>\n<\/a><br \/>\n<img decoding=\"async\" loading=\"lazy\" src=\"http:\/\/romadyo.com\/wp-content\/uploads\/2023\/05\/graphic05-free-img.png\" sizes=\"(max-width: 1929px) 100vw, 1929px\" srcset=\"https:\/\/romadyo.com\/wp-content\/uploads\/2023\/05\/graphic05-free-img.png 1929w, https:\/\/romadyo.com\/wp-content\/uploads\/2023\/05\/graphic05-free-img-300x12.png 300w, https:\/\/romadyo.com\/wp-content\/uploads\/2023\/05\/graphic05-free-img-1024x42.png 1024w, https:\/\/romadyo.com\/wp-content\/uploads\/2023\/05\/graphic05-free-img-768x31.png 768w, https:\/\/romadyo.com\/wp-content\/uploads\/2023\/05\/graphic05-free-img-1536x63.png 1536w\" alt=\"\" width=\"1929\" height=\"79\" \/><br \/>\n<img decoding=\"async\" loading=\"lazy\" src=\"http:\/\/romadyo.com\/wp-content\/uploads\/2020\/02\/window-banner-03.jpg\" sizes=\"(max-width: 460px) 100vw, 460px\" srcset=\"https:\/\/romadyo.com\/wp-content\/uploads\/2020\/02\/window-banner-03.jpg 460w, https:\/\/romadyo.com\/wp-content\/uploads\/2020\/02\/window-banner-03-145x300.jpg 145w\" alt=\"\" width=\"460\" height=\"950\" \/><\/p>\n<h2>Happy Customers<\/h2>\n<p>Proin gravida nibh vel velit auctor aliquet. Aenean sollicitudin, lorem quis bibendum auctor, nisi elit consequat ipsum.<\/p>\n<style>\/*! elementor - v3.13.2 - 11-05-2023 *\/<br \/>\n.elementor-testimonial-wrapper{overflow:hidden;text-align:center}.elementor-testimonial-wrapper .elementor-testimonial-content{font-size:1.3em;margin-bottom:20px}.elementor-testimonial-wrapper .elementor-testimonial-name{line-height:1.5;display:block}.elementor-testimonial-wrapper .elementor-testimonial-job{font-size:.85em;display:block}.elementor-testimonial-wrapper .elementor-testimonial-meta{width:100%;line-height:1}.elementor-testimonial-wrapper .elementor-testimonial-meta-inner{display:inline-block}.elementor-testimonial-wrapper .elementor-testimonial-meta .elementor-testimonial-details,.elementor-testimonial-wrapper .elementor-testimonial-meta .elementor-testimonial-image{display:table-cell;vertical-align:middle}.elementor-testimonial-wrapper .elementor-testimonial-meta .elementor-testimonial-image img{width:60px;height:60px;border-radius:50%;-o-object-fit:cover;object-fit:cover;max-width:none}.elementor-testimonial-wrapper .elementor-testimonial-meta.elementor-testimonial-image-position-aside .elementor-testimonial-image{padding-right:15px}.elementor-testimonial-wrapper .elementor-testimonial-meta.elementor-testimonial-image-position-aside .elementor-testimonial-details{text-align:left}.elementor-testimonial-wrapper .elementor-testimonial-meta.elementor-testimonial-image-position-top .elementor-testimonial-details,.elementor-testimonial-wrapper .elementor-testimonial-meta.elementor-testimonial-image-position-top .elementor-testimonial-image{display:block}.elementor-testimonial-wrapper .elementor-testimonial-meta.elementor-testimonial-image-position-top .elementor-testimonial-image{margin-bottom:20px}<\/style>\n<p>&#8220;Duis sed odio sit amet nibh vulputate cursus a sit amet mauris. Morbi accumsan ipsum velit. Nam nec tellus a odio tincidunt auctor a ornare odio.&#8221;<br \/>\nEthan Valdez<br \/>\nCalifornia<br \/>\n&#8220;Proin gravida nibh vel velit auctor aliquet. Aenean solli citudin, lorem quis bibendum auctor, nisi elit consequat gravida nibh vel ipsum.&#8221;<br \/>\nAdam Brooks<br \/>\nLos Angeles<\/p>\n<h3>Morbi Accumsan Ipsum Velit. Nam Nec Tellus a Odio Tincidunt Auctor Amet Mauris.<\/h3>\n<p>Proin gravida nibh vel velit auctor aliquet. Aenean sollicitudin, lorem quis bibendum auctor, nisi elit consequat ipsum, nec sagittis sem nibh id elit. Duis sed odio sit amet nibh vulputate cursus a sit amet mauris.<\/p>\n<p><a role=\"button\" href=\"#\"><br \/>\nRead More<br \/>\n<\/a><\/p>\n","protected":false},"excerpt":{"rendered":"<p>Romadyo Tan\u0131t\u0131m &amp; M\u00fchendislik Hizmetleri Romadyo : FOR SALE (20k$+): buy@romadyo.com Join gravida nibh vel velit auctor aliquet. Aenean sollicitudin, lorem quis bibendum auctor, nisi elit consequat ipsum, nec sagittis sem nibh id elit. Duis sed odio sit amet nibh vulputate cursus a sit amet mauris. Morbi accumsan ipsum velit. Nam nec tellus a odio &hellip;<\/p>\n<p class=\"read-more\"> <a class=\"\" href=\"https:\/\/romadyo.com\/\"> <span class=\"screen-reader-text\">Home<\/span> Read More &raquo;<\/a><\/p>\n","protected":false},"author":1,"featured_media":0,"parent":0,"menu_order":0,"comment_status":"closed","ping_status":"closed","template":"","meta":{"site-sidebar-layout":"default","site-content-layout":"page-builder","ast-global-header-display":"","ast-banner-title-visibility":"","ast-main-header-display":"","ast-hfb-above-header-display":"","ast-hfb-below-header-display":"","ast-hfb-mobile-header-display":"","site-post-title":"disabled","ast-breadcrumbs-content":"","ast-featured-img":"disabled","footer-sml-layout":"","theme-transparent-header-meta":"enabled","adv-header-id-meta":"","stick-header-meta":"","header-above-stick-meta":"","header-main-stick-meta":"","header-below-stick-meta":""},"_links":{"self":[{"href":"https:\/\/romadyo.com\/index.php?rest_route=\/wp\/v2\/pages\/548"}],"collection":[{"href":"https:\/\/romadyo.com\/index.php?rest_route=\/wp\/v2\/pages"}],"about":[{"href":"https:\/\/romadyo.com\/index.php?rest_route=\/wp\/v2\/types\/page"}],"author":[{"embeddable":true,"href":"https:\/\/romadyo.com\/index.php?rest_route=\/wp\/v2\/users\/1"}],"replies":[{"embeddable":true,"href":"https:\/\/romadyo.com\/index.php?rest_route=%2Fwp%2Fv2%2Fcomments&post=548"}],"version-history":[{"count":11,"href":"https:\/\/romadyo.com\/index.php?rest_route=\/wp\/v2\/pages\/548\/revisions"}],"predecessor-version":[{"id":572,"href":"https:\/\/romadyo.com\/index.php?rest_route=\/wp\/v2\/pages\/548\/revisions\/572"}],"wp:attachment":[{"href":"https:\/\/romadyo.com\/index.php?rest_route=%2Fwp%2Fv2%2Fmedia&parent=548"}],"curies":[{"name":"wp","href":"https:\/\/api.w.org\/{rel}","templated":true}]}}